{"id":7897,"date":"2023-07-20T18:44:39","date_gmt":"2023-07-20T17:44:39","guid":{"rendered":"https:\/\/slaeb.com\/?page_id=7897"},"modified":"2024-08-27T07:21:34","modified_gmt":"2024-08-27T06:21:34","slug":"business-management","status":"publish","type":"page","link":"https:\/\/slaeb.com\/en\/business-management\/","title":{"rendered":"Business Management"},"content":{"rendered":"\t\t<div data-elementor-type=\"wp-page\" data-elementor-id=\"7897\" class=\"elementor elementor-7897\">\n\t\t\t\t\t\t<section class=\"elementor-section elementor-top-section elementor-element elementor-element-c45d30f elementor-section-full_width elementor-section-stretched elementor-section-height-min-height elementor-section-items-top elementor-section-height-default\" data-id=\"c45d30f\" data-element_type=\"section\" data-e-type=\"section\" data-settings=\"{&quot;stretch_section&quot;:&quot;section-stretched&quot;,&quot;background_background&quot;:&quot;slideshow&quot;,&quot;background_slideshow_gallery&quot;:[{&quot;id&quot;:7666,&quot;url&quot;:&quot;https:\\\/\\\/slaeb.com\\\/wp-content\\\/uploads\\\/2023\\\/07\\\/shutterstock_1536997286.jpg&quot;}],&quot;background_slideshow_loop&quot;:&quot;yes&quot;,&quot;background_slideshow_slide_duration&quot;:5000,&quot;background_slideshow_slide_transition&quot;:&quot;fade&quot;,&quot;background_slideshow_transition_duration&quot;:500}\">\n\t\t\t\t\t\t<div class=\"elementor-container elementor-column-gap-default\">\n\t\t\t\t\t<div class=\"elementor-column elementor-col-100 elementor-top-column elementor-element elementor-element-ccdb1be\" data-id=\"ccdb1be\" data-element_type=\"column\" data-e-type=\"column\">\n\t\t\t<div class=\"elementor-widget-wrap\">\n\t\t\t\t\t\t\t<\/div>\n\t\t<\/div>\n\t\t\t\t\t<\/div>\n\t\t<\/section>\n\t\t\t\t<section class=\"elementor-section elementor-top-section elementor-element elementor-element-39e92ef elementor-section-boxed elementor-section-height-default elementor-section-height-default\" data-id=\"39e92ef\" data-element_type=\"section\" data-e-type=\"section\">\n\t\t\t\t\t\t<div class=\"elementor-container elementor-column-gap-default\">\n\t\t\t\t\t<div class=\"elementor-column elementor-col-50 elementor-top-column elementor-element elementor-element-b8d8498\" data-id=\"b8d8498\" data-element_type=\"column\" data-e-type=\"column\">\n\t\t\t<div class=\"elementor-widget-wrap elementor-element-populated\">\n\t\t\t\t\t\t<section class=\"elementor-section elementor-inner-section elementor-element elementor-element-f73d30e elementor-section-boxed elementor-section-height-default elementor-section-height-default\" data-id=\"f73d30e\" data-element_type=\"section\" data-e-type=\"section\">\n\t\t\t\t\t\t<div class=\"elementor-container elementor-column-gap-default\">\n\t\t\t\t\t<div class=\"elementor-column elementor-col-100 elementor-inner-column elementor-element elementor-element-aa0613c\" data-id=\"aa0613c\" data-element_type=\"column\" data-e-type=\"column\">\n\t\t\t<div class=\"elementor-widget-wrap elementor-element-populated\">\n\t\t\t\t\t\t<div class=\"elementor-element elementor-element-956ab19 elementor-widget elementor-widget-qi_addons_for_elementor_animated_text\" data-id=\"956ab19\" data-element_type=\"widget\" data-e-type=\"widget\" data-widget_type=\"qi_addons_for_elementor_animated_text.default\">\n\t\t\t\t<div class=\"elementor-widget-container\">\n\t\t\t\t\t<div class=\"qodef-shortcode qodef-m qodef-qi-animated-text qodef--animated-by-letter qodef--alignment-left qodef-qi--has-appear qodef--appear-from-right\" >\n\t\t<h1 class=\"qodef-m-title\">\n\t\t<span class=\"qodef-e-word-holder\">BUSINESS<\/span> <span class=\"qodef-e-word-holder\"><BR>MANAGEMENT<\/span>\t<\/h1>\n<\/div>\n\t\t\t\t<\/div>\n\t\t\t\t<\/div>\n\t\t\t\t<div class=\"elementor-element elementor-element-7e8d288 elementor-widget-divider--view-line elementor-widget elementor-widget-divider\" data-id=\"7e8d288\" data-element_type=\"widget\" data-e-type=\"widget\" data-widget_type=\"divider.default\">\n\t\t\t\t<div class=\"elementor-widget-container\">\n\t\t\t\t\t\t\t<div class=\"elementor-divider\">\n\t\t\t<span class=\"elementor-divider-separator\">\n\t\t\t\t\t\t<\/span>\n\t\t<\/div>\n\t\t\t\t\t\t<\/div>\n\t\t\t\t<\/div>\n\t\t\t\t<div class=\"elementor-element elementor-element-5f019f6 elementor-widget elementor-widget-qi_addons_for_elementor_animated_text\" data-id=\"5f019f6\" data-element_type=\"widget\" data-e-type=\"widget\" data-widget_type=\"qi_addons_for_elementor_animated_text.default\">\n\t\t\t\t<div class=\"elementor-widget-container\">\n\t\t\t\t\t<div class=\"qodef-shortcode qodef-m qodef-qi-animated-text qodef--animated-by-word qodef--alignment-left qodef-qi--has-appear qodef--appear-from-right\" >\n\t\t<h3 class=\"qodef-m-title\">\n\t\t<span class=\"qodef-e-word\">D\u00e9velopp\u00e9<\/span> <span class=\"qodef-e-word\">pour<\/span> <span class=\"qodef-e-word\">relever<\/span> <span class=\"qodef-e-word\">les<\/span> <span class=\"qodef-e-word\">challenges<\/span> <span class=\"qodef-e-word\">op\u00e9rationnels<\/span> <span class=\"qodef-e-word\">auxquelles<\/span> <span class=\"qodef-e-word\">font<\/span> <span class=\"qodef-e-word\">face<\/span> <span class=\"qodef-e-word\">bon<\/span> <span class=\"qodef-e-word\">nombres<\/span> <span class=\"qodef-e-word\">d\u2019entreprises.<\/span> <span class=\"qodef-e-word\">Les<\/span> <span class=\"qodef-e-word\">outils<\/span> <span class=\"qodef-e-word\">Business<\/span> <span class=\"qodef-e-word\">sont<\/span> <span class=\"qodef-e-word\">con\u00e7us<\/span> <span class=\"qodef-e-word\">pour<\/span> <span class=\"qodef-e-word\">vous<\/span> <span class=\"qodef-e-word\">assister<\/span> <span class=\"qodef-e-word\">dans<\/span> <span class=\"qodef-e-word\">l\u2019optimisation<\/span> <span class=\"qodef-e-word\">des<\/span> <span class=\"qodef-e-word\">performances<\/span> <span class=\"qodef-e-word\">op\u00e9rationnelles.\u200b<\/span>\t<\/h3>\n<\/div>\n\t\t\t\t<\/div>\n\t\t\t\t<\/div>\n\t\t\t\t\t<\/div>\n\t\t<\/div>\n\t\t\t\t\t<\/div>\n\t\t<\/section>\n\t\t\t\t\t<\/div>\n\t\t<\/div>\n\t\t\t\t<div class=\"elementor-column elementor-col-50 elementor-top-column elementor-element elementor-element-57f53ce\" data-id=\"57f53ce\" data-element_type=\"column\" data-e-type=\"column\">\n\t\t\t<div class=\"elementor-widget-wrap\">\n\t\t\t\t\t\t\t<\/div>\n\t\t<\/div>\n\t\t\t\t\t<\/div>\n\t\t<\/section>\n\t\t\t\t<section class=\"elementor-section elementor-top-section elementor-element elementor-element-1d41a99 elementor-section-full_width elementor-section-height-default elementor-section-height-default\" data-id=\"1d41a99\" data-element_type=\"section\" data-e-type=\"section\" data-settings=\"{&quot;background_background&quot;:&quot;classic&quot;}\">\n\t\t\t\t\t\t<div class=\"elementor-container elementor-column-gap-default\">\n\t\t\t\t\t<div class=\"elementor-column elementor-col-100 elementor-top-column elementor-element elementor-element-c6d073e\" data-id=\"c6d073e\" data-element_type=\"column\" data-e-type=\"column\">\n\t\t\t<div class=\"elementor-widget-wrap elementor-element-populated\">\n\t\t\t\t\t\t<div class=\"elementor-element elementor-element-85c1dcb elementor-widget elementor-widget-qi_addons_for_elementor_process\" data-id=\"85c1dcb\" data-element_type=\"widget\" data-e-type=\"widget\" data-widget_type=\"qi_addons_for_elementor_process.default\">\n\t\t\t\t<div class=\"elementor-widget-container\">\n\t\t\t\t\t<div class=\"qodef-shortcode qodef-m qodef-qi-process qodef-qi--has-appear qodef-qi-grid qodef-layout--qi-columns qodef-col-num--1 qodef-item-layout--vertical qodef-responsive--predefined\">\n\t<div class=\"qodef-grid-inner\">\n\t\t<div class=\"qodef-e qodef-process-item qodef-grid-item elementor-repeater-item-e90ae08\">\n\t<div class=\"qodef-e-inner\">\n\t\t<div class=\"qodef-e-content\">\n\t\t\t<div class=\"qodef-e-icon-holder\">\n\t<div class=\"qodef-e-icon\">\n\t\t\t\t\t<span class=\"qodef-e-item-icon-text\">\n\t\t\t\t<i aria-hidden=\"true\" class=\"fas fa-check-circle\"><\/i>\t\t\t<\/span>\n\t\t\t<div class=\"qodef-e-number\">\n\t\t\t\t1.\t\t\t<\/div>\n\t\t\t<\/div>\n\t<div class=\"qodef-e-line\">\n\t\t<div class=\"qodef-e-line-inner\"><\/div>\n\t<\/div>\n<\/div>\n\t\t\t<div class=\"qodef-e-text-wrapper\">\n\t\t\t\t\t<h3 class=\"qodef-e-title\">\n\t\tArrive bient\u00f4t\u200b\t<\/h3>\n\t\t\t\t\t<p class=\"qodef-e-text\">\n\t\tNous travaillons dur pour vous offrir la meilleure exp\u00e9rience!\u200b\t<\/p>\n\t\t\t<\/div>\n\t\t<\/div>\n\t<\/div>\n<\/div>\n\t<\/div>\n<\/div>\n\t\t\t\t<\/div>\n\t\t\t\t<\/div>\n\t\t\t\t\t<\/div>\n\t\t<\/div>\n\t\t\t\t\t<\/div>\n\t\t<\/section>\n\t\t\t\t<\/div>\n\t\t","protected":false},"excerpt":{"rendered":"<p>BUSINESS MANAGEMENT D\u00e9velopp\u00e9 pour relever les challenges op\u00e9rationnels auxquelles font face bon&#8230; <\/p>\n<p class=\"more\"><a class=\"more-link\" href=\"https:\/\/slaeb.com\/en\/business-management\/\">Read more.<\/a><\/p>","protected":false},"author":2,"featured_media":0,"parent":0,"menu_order":0,"comment_status":"closed","ping_status":"closed","template":"elementor_header_footer","meta":{"footnotes":""},"class_list":["post-7897","page","type-page","status-publish","hentry","is-cat-link-borders-light is-cat-link-rounded"],"yoast_head":"<!-- This site is optimized with the Yoast SEO plugin v27.4 - https:\/\/yoast.com\/product\/yoast-seo-wordpress\/ -->\n<title>Business\u00a0Management\u200b - SLAEB<\/title>\n<meta name=\"description\" content=\"Innover dans la gestion de votre entreprise afin de maximiser \u00e0 la fois vos profits et le rendement de vos processus et ressources.\" \/>\n<meta name=\"robots\" content=\"index, follow, max-snippet:-1, max-image-preview:large, max-video-preview:-1\" \/>\n<link rel=\"canonical\" href=\"https:\/\/slaeb.com\/en\/business-management\/\" \/>\n<meta property=\"og:locale\" content=\"en_US\" \/>\n<meta property=\"og:type\" content=\"article\" \/>\n<meta property=\"og:title\" content=\"Business\u00a0Management\u200b - SLAEB\" \/>\n<meta property=\"og:description\" content=\"Innover dans la gestion de votre entreprise afin de maximiser \u00e0 la fois vos profits et le rendement de vos processus et ressources.\" \/>\n<meta property=\"og:url\" content=\"https:\/\/slaeb.com\/en\/business-management\/\" \/>\n<meta property=\"og:site_name\" content=\"SLAEB\" \/>\n<meta property=\"article:modified_time\" content=\"2024-08-27T06:21:34+00:00\" \/>\n<meta property=\"og:image\" content=\"https:\/\/slaeb.com\/wp-content\/uploads\/2024\/08\/C6EA3744-5408-4B6D-AD8D-9088691D577A-1-e1724739155448.png\" \/>\n\t<meta property=\"og:image:width\" content=\"642\" \/>\n\t<meta property=\"og:image:height\" content=\"616\" \/>\n\t<meta property=\"og:image:type\" content=\"image\/png\" \/>\n<meta name=\"twitter:card\" content=\"summary_large_image\" \/>\n<meta name=\"twitter:label1\" content=\"Est. reading time\" \/>\n\t<meta name=\"twitter:data1\" content=\"1 minute\" \/>\n<script type=\"application\/ld+json\" class=\"yoast-schema-graph\">{\"@context\":\"https:\\\/\\\/schema.org\",\"@graph\":[{\"@type\":\"WebPage\",\"@id\":\"https:\\\/\\\/slaeb.com\\\/business-management\\\/\",\"url\":\"https:\\\/\\\/slaeb.com\\\/business-management\\\/\",\"name\":\"Business\u00a0Management\u200b - SLAEB\",\"isPartOf\":{\"@id\":\"https:\\\/\\\/slaeb.com\\\/#website\"},\"datePublished\":\"2023-07-20T17:44:39+00:00\",\"dateModified\":\"2024-08-27T06:21:34+00:00\",\"description\":\"Innover dans la gestion de votre entreprise afin de maximiser \u00e0 la fois vos profits et le rendement de vos processus et ressources.\",\"breadcrumb\":{\"@id\":\"https:\\\/\\\/slaeb.com\\\/business-management\\\/#breadcrumb\"},\"inLanguage\":\"en-US\",\"potentialAction\":[{\"@type\":\"ReadAction\",\"target\":[\"https:\\\/\\\/slaeb.com\\\/business-management\\\/\"]}]},{\"@type\":\"BreadcrumbList\",\"@id\":\"https:\\\/\\\/slaeb.com\\\/business-management\\\/#breadcrumb\",\"itemListElement\":[{\"@type\":\"ListItem\",\"position\":1,\"name\":\"Accueil\",\"item\":\"https:\\\/\\\/slaeb.com\\\/\"},{\"@type\":\"ListItem\",\"position\":2,\"name\":\"Business\u00a0Management\u200b\"}]},{\"@type\":\"WebSite\",\"@id\":\"https:\\\/\\\/slaeb.com\\\/#website\",\"url\":\"https:\\\/\\\/slaeb.com\\\/\",\"name\":\"SLAEB\",\"description\":\"Aider au quotidien les dirigeants \u00e0 construire la performance durable\",\"publisher\":{\"@id\":\"https:\\\/\\\/slaeb.com\\\/#organization\"},\"potentialAction\":[{\"@type\":\"SearchAction\",\"target\":{\"@type\":\"EntryPoint\",\"urlTemplate\":\"https:\\\/\\\/slaeb.com\\\/?s={search_term_string}\"},\"query-input\":{\"@type\":\"PropertyValueSpecification\",\"valueRequired\":true,\"valueName\":\"search_term_string\"}}],\"inLanguage\":\"en-US\"},{\"@type\":\"Organization\",\"@id\":\"https:\\\/\\\/slaeb.com\\\/#organization\",\"name\":\"SLAEB\",\"url\":\"https:\\\/\\\/slaeb.com\\\/\",\"logo\":{\"@type\":\"ImageObject\",\"inLanguage\":\"en-US\",\"@id\":\"https:\\\/\\\/slaeb.com\\\/#\\\/schema\\\/logo\\\/image\\\/\",\"url\":\"https:\\\/\\\/slaeb.com\\\/wp-content\\\/uploads\\\/2024\\\/08\\\/C6EA3744-5408-4B6D-AD8D-9088691D577A-1-e1724739155448.png\",\"contentUrl\":\"https:\\\/\\\/slaeb.com\\\/wp-content\\\/uploads\\\/2024\\\/08\\\/C6EA3744-5408-4B6D-AD8D-9088691D577A-1-e1724739155448.png\",\"width\":642,\"height\":616,\"caption\":\"SLAEB\"},\"image\":{\"@id\":\"https:\\\/\\\/slaeb.com\\\/#\\\/schema\\\/logo\\\/image\\\/\"}}]}<\/script>\n<!-- \/ Yoast SEO plugin. -->","yoast_head_json":{"title":"Business Management - SLAEB","description":"Innovate in the management of your business to maximize both your profits and the efficiency of your processes and resources.","robots":{"index":"index","follow":"follow","max-snippet":"max-snippet:-1","max-image-preview":"max-image-preview:large","max-video-preview":"max-video-preview:-1"},"canonical":"https:\/\/slaeb.com\/en\/business-management\/","og_locale":"en_US","og_type":"article","og_title":"Business\u00a0Management\u200b - SLAEB","og_description":"Innover dans la gestion de votre entreprise afin de maximiser \u00e0 la fois vos profits et le rendement de vos processus et ressources.","og_url":"https:\/\/slaeb.com\/en\/business-management\/","og_site_name":"SLAEB","article_modified_time":"2024-08-27T06:21:34+00:00","og_image":[{"width":642,"height":616,"url":"https:\/\/slaeb.com\/wp-content\/uploads\/2024\/08\/C6EA3744-5408-4B6D-AD8D-9088691D577A-1-e1724739155448.png","type":"image\/png"}],"twitter_card":"summary_large_image","twitter_misc":{"Est. reading time":"1 minute"},"schema":{"@context":"https:\/\/schema.org","@graph":[{"@type":"WebPage","@id":"https:\/\/slaeb.com\/business-management\/","url":"https:\/\/slaeb.com\/business-management\/","name":"Business Management - SLAEB","isPartOf":{"@id":"https:\/\/slaeb.com\/#website"},"datePublished":"2023-07-20T17:44:39+00:00","dateModified":"2024-08-27T06:21:34+00:00","description":"Innovate in the management of your business to maximize both your profits and the efficiency of your processes and resources.","breadcrumb":{"@id":"https:\/\/slaeb.com\/business-management\/#breadcrumb"},"inLanguage":"en-US","potentialAction":[{"@type":"ReadAction","target":["https:\/\/slaeb.com\/business-management\/"]}]},{"@type":"BreadcrumbList","@id":"https:\/\/slaeb.com\/business-management\/#breadcrumb","itemListElement":[{"@type":"ListItem","position":1,"name":"Accueil","item":"https:\/\/slaeb.com\/"},{"@type":"ListItem","position":2,"name":"Business\u00a0Management\u200b"}]},{"@type":"WebSite","@id":"https:\/\/slaeb.com\/#website","url":"https:\/\/slaeb.com\/","name":"SLAEB","description":"Helping managers build sustainable performance on a daily basis","publisher":{"@id":"https:\/\/slaeb.com\/#organization"},"potentialAction":[{"@type":"SearchAction","target":{"@type":"EntryPoint","urlTemplate":"https:\/\/slaeb.com\/?s={search_term_string}"},"query-input":{"@type":"PropertyValueSpecification","valueRequired":true,"valueName":"search_term_string"}}],"inLanguage":"en-US"},{"@type":"Organization","@id":"https:\/\/slaeb.com\/#organization","name":"SLAEB","url":"https:\/\/slaeb.com\/","logo":{"@type":"ImageObject","inLanguage":"en-US","@id":"https:\/\/slaeb.com\/#\/schema\/logo\/image\/","url":"https:\/\/slaeb.com\/wp-content\/uploads\/2024\/08\/C6EA3744-5408-4B6D-AD8D-9088691D577A-1-e1724739155448.png","contentUrl":"https:\/\/slaeb.com\/wp-content\/uploads\/2024\/08\/C6EA3744-5408-4B6D-AD8D-9088691D577A-1-e1724739155448.png","width":642,"height":616,"caption":"SLAEB"},"image":{"@id":"https:\/\/slaeb.com\/#\/schema\/logo\/image\/"}}]}},"_links":{"self":[{"href":"https:\/\/slaeb.com\/en\/wp-json\/wp\/v2\/pages\/7897","targetHints":{"allow":["GET"]}}],"collection":[{"href":"https:\/\/slaeb.com\/en\/wp-json\/wp\/v2\/pages"}],"about":[{"href":"https:\/\/slaeb.com\/en\/wp-json\/wp\/v2\/types\/page"}],"author":[{"embeddable":true,"href":"https:\/\/slaeb.com\/en\/wp-json\/wp\/v2\/users\/2"}],"replies":[{"embeddable":true,"href":"https:\/\/slaeb.com\/en\/wp-json\/wp\/v2\/comments?post=7897"}],"version-history":[{"count":23,"href":"https:\/\/slaeb.com\/en\/wp-json\/wp\/v2\/pages\/7897\/revisions"}],"predecessor-version":[{"id":9882,"href":"https:\/\/slaeb.com\/en\/wp-json\/wp\/v2\/pages\/7897\/revisions\/9882"}],"wp:attachment":[{"href":"https:\/\/slaeb.com\/en\/wp-json\/wp\/v2\/media?parent=7897"}],"curies":[{"name":"wp","href":"https:\/\/api.w.org\/{rel}","templated":true}]}}