{"id":7906,"date":"2023-07-20T19:12:50","date_gmt":"2023-07-20T18:12:50","guid":{"rendered":"https:\/\/slaeb.com\/?page_id=7906"},"modified":"2024-08-27T07:22:01","modified_gmt":"2024-08-27T06:22:01","slug":"gestion-relation-client","status":"publish","type":"page","link":"https:\/\/slaeb.com\/en\/gestion-relation-client\/","title":{"rendered":"Customer Relationship Management"},"content":{"rendered":"\t\t<div data-elementor-type=\"wp-page\" data-elementor-id=\"7906\" class=\"elementor elementor-7906\">\n\t\t\t\t\t\t<section class=\"elementor-section elementor-top-section elementor-element elementor-element-c45d30f elementor-section-full_width elementor-section-stretched elementor-section-height-min-height elementor-section-items-top elementor-section-height-default\" data-id=\"c45d30f\" data-element_type=\"section\" data-e-type=\"section\" data-settings=\"{&quot;stretch_section&quot;:&quot;section-stretched&quot;,&quot;background_background&quot;:&quot;slideshow&quot;,&quot;background_slideshow_gallery&quot;:[{&quot;id&quot;:9043,&quot;url&quot;:&quot;https:\\\/\\\/slaeb.com\\\/wp-content\\\/uploads\\\/2023\\\/08\\\/shutterstock_2136489279.jpg&quot;}],&quot;background_slideshow_loop&quot;:&quot;yes&quot;,&quot;background_slideshow_slide_duration&quot;:5000,&quot;background_slideshow_slide_transition&quot;:&quot;fade&quot;,&quot;background_slideshow_transition_duration&quot;:500}\">\n\t\t\t\t\t\t<div class=\"elementor-container elementor-column-gap-default\">\n\t\t\t\t\t<div class=\"elementor-column elementor-col-100 elementor-top-column elementor-element elementor-element-ccdb1be\" data-id=\"ccdb1be\" data-element_type=\"column\" data-e-type=\"column\">\n\t\t\t<div class=\"elementor-widget-wrap\">\n\t\t\t\t\t\t\t<\/div>\n\t\t<\/div>\n\t\t\t\t\t<\/div>\n\t\t<\/section>\n\t\t\t\t<section class=\"elementor-section elementor-top-section elementor-element elementor-element-3c4d136 elementor-section-boxed elementor-section-height-default elementor-section-height-default\" data-id=\"3c4d136\" data-element_type=\"section\" data-e-type=\"section\">\n\t\t\t\t\t\t<div class=\"elementor-container elementor-column-gap-default\">\n\t\t\t\t\t<div class=\"elementor-column elementor-col-50 elementor-top-column elementor-element elementor-element-f1e7130\" data-id=\"f1e7130\" data-element_type=\"column\" data-e-type=\"column\">\n\t\t\t<div class=\"elementor-widget-wrap elementor-element-populated\">\n\t\t\t\t\t\t<section class=\"elementor-section elementor-inner-section elementor-element elementor-element-12c31bb elementor-section-boxed elementor-section-height-default elementor-section-height-default\" data-id=\"12c31bb\" data-element_type=\"section\" data-e-type=\"section\">\n\t\t\t\t\t\t<div class=\"elementor-container elementor-column-gap-default\">\n\t\t\t\t\t<div class=\"elementor-column elementor-col-100 elementor-inner-column elementor-element elementor-element-9fe5f6f\" data-id=\"9fe5f6f\" data-element_type=\"column\" data-e-type=\"column\">\n\t\t\t<div class=\"elementor-widget-wrap elementor-element-populated\">\n\t\t\t\t\t\t<div class=\"elementor-element elementor-element-12a49b3 elementor-widget elementor-widget-qi_addons_for_elementor_animated_text\" data-id=\"12a49b3\" data-element_type=\"widget\" data-e-type=\"widget\" data-widget_type=\"qi_addons_for_elementor_animated_text.default\">\n\t\t\t\t<div class=\"elementor-widget-container\">\n\t\t\t\t\t<div class=\"qodef-shortcode qodef-m qodef-qi-animated-text qodef--alignment-left qodef-qi--has-appear qodef--appear-from-right\" >\n\t\t<h1 class=\"qodef-m-title\">\n\t\tGESTION RELATION CLIENT\u200b\t<\/h1>\n<\/div>\n\t\t\t\t<\/div>\n\t\t\t\t<\/div>\n\t\t\t\t<div class=\"elementor-element elementor-element-578e9fb elementor-widget-divider--view-line elementor-widget elementor-widget-divider\" data-id=\"578e9fb\" data-element_type=\"widget\" data-e-type=\"widget\" data-widget_type=\"divider.default\">\n\t\t\t\t<div class=\"elementor-widget-container\">\n\t\t\t\t\t\t\t<div class=\"elementor-divider\">\n\t\t\t<span class=\"elementor-divider-separator\">\n\t\t\t\t\t\t<\/span>\n\t\t<\/div>\n\t\t\t\t\t\t<\/div>\n\t\t\t\t<\/div>\n\t\t\t\t<div class=\"elementor-element elementor-element-fbddb37 elementor-widget elementor-widget-qi_addons_for_elementor_animated_text\" data-id=\"fbddb37\" data-element_type=\"widget\" data-e-type=\"widget\" data-widget_type=\"qi_addons_for_elementor_animated_text.default\">\n\t\t\t\t<div class=\"elementor-widget-container\">\n\t\t\t\t\t<div class=\"qodef-shortcode qodef-m qodef-qi-animated-text qodef--animated-by-word qodef--alignment-left qodef-qi--has-appear qodef--appear-from-right\" >\n\t\t<h3 class=\"qodef-m-title\">\n\t\t<span class=\"qodef-e-word\">Explorez<\/span> <span class=\"qodef-e-word\">notre<\/span> <span class=\"qodef-e-word\">\u00e9cosyst\u00e8me<\/span> <span class=\"qodef-e-word\">de<\/span> <span class=\"qodef-e-word\">produits<\/span> <span class=\"qodef-e-word\">pluridisciplinaires<\/span> <span class=\"qodef-e-word\">et<\/span> <span class=\"qodef-e-word\">multi-m\u00e9tiers.<\/span> <span class=\"qodef-e-word\">Une<\/span> <span class=\"qodef-e-word\">solution<\/span> <span class=\"qodef-e-word\">\u00e0<\/span> <span class=\"qodef-e-word\">360<\/span> <span class=\"qodef-e-word\">degr\u00e9s,<\/span> <span class=\"qodef-e-word\">accessible<\/span> <span class=\"qodef-e-word\">\u00e0<\/span> <span class=\"qodef-e-word\">tous<\/span> <span class=\"qodef-e-word\">gr\u00e2ce<\/span> <span class=\"qodef-e-word\">\u00e0<\/span> <span class=\"qodef-e-word\">des<\/span> <span class=\"qodef-e-word\">technologies<\/span> <span class=\"qodef-e-word\">innovantes.<\/span>\t<\/h3>\n<\/div>\n\t\t\t\t<\/div>\n\t\t\t\t<\/div>\n\t\t\t\t\t<\/div>\n\t\t<\/div>\n\t\t\t\t\t<\/div>\n\t\t<\/section>\n\t\t\t\t\t<\/div>\n\t\t<\/div>\n\t\t\t\t<div class=\"elementor-column elementor-col-50 elementor-top-column elementor-element elementor-element-c3089ad\" data-id=\"c3089ad\" data-element_type=\"column\" data-e-type=\"column\">\n\t\t\t<div class=\"elementor-widget-wrap\">\n\t\t\t\t\t\t\t<\/div>\n\t\t<\/div>\n\t\t\t\t\t<\/div>\n\t\t<\/section>\n\t\t\t\t<section class=\"elementor-section elementor-top-section elementor-element elementor-element-1d41a99 elementor-section-full_width elementor-section-height-default elementor-section-height-default\" data-id=\"1d41a99\" data-element_type=\"section\" data-e-type=\"section\" data-settings=\"{&quot;background_background&quot;:&quot;classic&quot;}\">\n\t\t\t\t\t\t<div class=\"elementor-container elementor-column-gap-default\">\n\t\t\t\t\t<div class=\"elementor-column elementor-col-100 elementor-top-column elementor-element elementor-element-c6d073e\" data-id=\"c6d073e\" data-element_type=\"column\" data-e-type=\"column\">\n\t\t\t<div class=\"elementor-widget-wrap elementor-element-populated\">\n\t\t\t\t\t\t<div class=\"elementor-element elementor-element-85c1dcb elementor-widget elementor-widget-qi_addons_for_elementor_process\" data-id=\"85c1dcb\" data-element_type=\"widget\" data-e-type=\"widget\" data-widget_type=\"qi_addons_for_elementor_process.default\">\n\t\t\t\t<div class=\"elementor-widget-container\">\n\t\t\t\t\t<div class=\"qodef-shortcode qodef-m qodef-qi-process qodef-qi--has-appear qodef-qi-grid qodef-layout--qi-columns qodef-col-num--1 qodef-item-layout--vertical qodef-responsive--predefined\">\n\t<div class=\"qodef-grid-inner\">\n\t\t<div class=\"qodef-e qodef-process-item qodef-grid-item elementor-repeater-item-e90ae08\">\n\t<div class=\"qodef-e-inner\">\n\t\t<div class=\"qodef-e-content\">\n\t\t\t<div class=\"qodef-e-icon-holder\">\n\t<div class=\"qodef-e-icon\">\n\t\t\t\t\t<span class=\"qodef-e-item-icon-text\">\n\t\t\t\t<i aria-hidden=\"true\" class=\"fas fa-check-circle\"><\/i>\t\t\t<\/span>\n\t\t\t<div class=\"qodef-e-number\">\n\t\t\t\t1.\t\t\t<\/div>\n\t\t\t<\/div>\n\t<div class=\"qodef-e-line\">\n\t\t<div class=\"qodef-e-line-inner\"><\/div>\n\t<\/div>\n<\/div>\n\t\t\t<div class=\"qodef-e-text-wrapper\">\n\t\t\t\t\t<h3 class=\"qodef-e-title\">\n\t\tArrive bient\u00f4t\u200b\t<\/h3>\n\t\t\t\t\t<p class=\"qodef-e-text\">\n\t\tNous travaillons dur pour vous offrir la meilleure exp\u00e9rience!\u200b\t<\/p>\n\t\t\t<\/div>\n\t\t<\/div>\n\t<\/div>\n<\/div>\n\t<\/div>\n<\/div>\n\t\t\t\t<\/div>\n\t\t\t\t<\/div>\n\t\t\t\t\t<\/div>\n\t\t<\/div>\n\t\t\t\t\t<\/div>\n\t\t<\/section>\n\t\t\t\t<\/div>\n\t\t","protected":false},"excerpt":{"rendered":"<p>GESTION RELATION CLIENT\u200b Explorez notre \u00e9cosyst\u00e8me de produits pluridisciplinaires et multi-m\u00e9tiers. Une&#8230; <\/p>\n<p class=\"more\"><a class=\"more-link\" href=\"https:\/\/slaeb.com\/en\/gestion-relation-client\/\">Read more.<\/a><\/p>","protected":false},"author":2,"featured_media":0,"parent":0,"menu_order":0,"comment_status":"closed","ping_status":"closed","template":"elementor_header_footer","meta":{"footnotes":""},"class_list":["post-7906","page","type-page","status-publish","hentry","is-cat-link-borders-light is-cat-link-rounded"],"yoast_head":"<!-- This site is optimized with the Yoast SEO plugin v27.4 - https:\/\/yoast.com\/product\/yoast-seo-wordpress\/ -->\n<title>Gestion Relation\u00a0Client\u200b - SLAEB<\/title>\n<meta name=\"description\" content=\"Simplifier vos interactions avec les clients gr\u00e2ce \u00e0 notre CRM intuitif. G\u00e9rer vos contacts et vos ventes avec efficacit\u00e9, stimulant la fid\u00e9lit\u00e9 et la croissance de votre entreprise.\" \/>\n<meta name=\"robots\" content=\"index, follow, max-snippet:-1, max-image-preview:large, max-video-preview:-1\" \/>\n<link rel=\"canonical\" href=\"https:\/\/slaeb.com\/en\/customer-management\/\" \/>\n<meta property=\"og:locale\" content=\"en_US\" \/>\n<meta property=\"og:type\" content=\"article\" \/>\n<meta property=\"og:title\" content=\"Gestion Relation\u00a0Client\u200b - SLAEB\" \/>\n<meta property=\"og:description\" content=\"Simplifier vos interactions avec les clients gr\u00e2ce \u00e0 notre CRM intuitif. G\u00e9rer vos contacts et vos ventes avec efficacit\u00e9, stimulant la fid\u00e9lit\u00e9 et la croissance de votre entreprise.\" \/>\n<meta property=\"og:url\" content=\"https:\/\/slaeb.com\/en\/customer-management\/\" \/>\n<meta property=\"og:site_name\" content=\"SLAEB\" \/>\n<meta property=\"article:modified_time\" content=\"2024-08-27T06:22:01+00:00\" \/>\n<meta property=\"og:image\" content=\"https:\/\/slaeb.com\/wp-content\/uploads\/2024\/08\/C6EA3744-5408-4B6D-AD8D-9088691D577A-1-e1724739155448.png\" \/>\n\t<meta property=\"og:image:width\" content=\"642\" \/>\n\t<meta property=\"og:image:height\" content=\"616\" \/>\n\t<meta property=\"og:image:type\" content=\"image\/png\" \/>\n<meta name=\"twitter:card\" content=\"summary_large_image\" \/>\n<meta name=\"twitter:label1\" content=\"Est. reading time\" \/>\n\t<meta name=\"twitter:data1\" content=\"1 minute\" \/>\n<script type=\"application\/ld+json\" class=\"yoast-schema-graph\">{\"@context\":\"https:\\\/\\\/schema.org\",\"@graph\":[{\"@type\":\"WebPage\",\"@id\":\"https:\\\/\\\/slaeb.com\\\/en\\\/customer-management\\\/\",\"url\":\"https:\\\/\\\/slaeb.com\\\/en\\\/customer-management\\\/\",\"name\":\"Gestion Relation\u00a0Client\u200b - SLAEB\",\"isPartOf\":{\"@id\":\"https:\\\/\\\/slaeb.com\\\/#website\"},\"datePublished\":\"2023-07-20T18:12:50+00:00\",\"dateModified\":\"2024-08-27T06:22:01+00:00\",\"description\":\"Simplifier vos interactions avec les clients gr\u00e2ce \u00e0 notre CRM intuitif. G\u00e9rer vos contacts et vos ventes avec efficacit\u00e9, stimulant la fid\u00e9lit\u00e9 et la croissance de votre entreprise.\",\"breadcrumb\":{\"@id\":\"https:\\\/\\\/slaeb.com\\\/en\\\/customer-management\\\/#breadcrumb\"},\"inLanguage\":\"en-US\",\"potentialAction\":[{\"@type\":\"ReadAction\",\"target\":[\"https:\\\/\\\/slaeb.com\\\/en\\\/customer-management\\\/\"]}]},{\"@type\":\"BreadcrumbList\",\"@id\":\"https:\\\/\\\/slaeb.com\\\/en\\\/customer-management\\\/#breadcrumb\",\"itemListElement\":[{\"@type\":\"ListItem\",\"position\":1,\"name\":\"Accueil\",\"item\":\"https:\\\/\\\/slaeb.com\\\/\"},{\"@type\":\"ListItem\",\"position\":2,\"name\":\"Gestion Relation\u00a0Client\u200b\"}]},{\"@type\":\"WebSite\",\"@id\":\"https:\\\/\\\/slaeb.com\\\/#website\",\"url\":\"https:\\\/\\\/slaeb.com\\\/\",\"name\":\"SLAEB\",\"description\":\"Aider au quotidien les dirigeants \u00e0 construire la performance durable\",\"publisher\":{\"@id\":\"https:\\\/\\\/slaeb.com\\\/#organization\"},\"potentialAction\":[{\"@type\":\"SearchAction\",\"target\":{\"@type\":\"EntryPoint\",\"urlTemplate\":\"https:\\\/\\\/slaeb.com\\\/?s={search_term_string}\"},\"query-input\":{\"@type\":\"PropertyValueSpecification\",\"valueRequired\":true,\"valueName\":\"search_term_string\"}}],\"inLanguage\":\"en-US\"},{\"@type\":\"Organization\",\"@id\":\"https:\\\/\\\/slaeb.com\\\/#organization\",\"name\":\"SLAEB\",\"url\":\"https:\\\/\\\/slaeb.com\\\/\",\"logo\":{\"@type\":\"ImageObject\",\"inLanguage\":\"en-US\",\"@id\":\"https:\\\/\\\/slaeb.com\\\/#\\\/schema\\\/logo\\\/image\\\/\",\"url\":\"https:\\\/\\\/slaeb.com\\\/wp-content\\\/uploads\\\/2024\\\/08\\\/C6EA3744-5408-4B6D-AD8D-9088691D577A-1-e1724739155448.png\",\"contentUrl\":\"https:\\\/\\\/slaeb.com\\\/wp-content\\\/uploads\\\/2024\\\/08\\\/C6EA3744-5408-4B6D-AD8D-9088691D577A-1-e1724739155448.png\",\"width\":642,\"height\":616,\"caption\":\"SLAEB\"},\"image\":{\"@id\":\"https:\\\/\\\/slaeb.com\\\/#\\\/schema\\\/logo\\\/image\\\/\"}}]}<\/script>\n<!-- \/ Yoast SEO plugin. -->","yoast_head_json":{"title":"Customer Relationship Management - SLAEB","description":"Simplify your customer interactions with our intuitive CRM. Manage your contacts and sales efficiently, boosting loyalty and business growth.","robots":{"index":"index","follow":"follow","max-snippet":"max-snippet:-1","max-image-preview":"max-image-preview:large","max-video-preview":"max-video-preview:-1"},"canonical":"https:\/\/slaeb.com\/en\/customer-management\/","og_locale":"en_US","og_type":"article","og_title":"Gestion Relation\u00a0Client\u200b - SLAEB","og_description":"Simplifier vos interactions avec les clients gr\u00e2ce \u00e0 notre CRM intuitif. G\u00e9rer vos contacts et vos ventes avec efficacit\u00e9, stimulant la fid\u00e9lit\u00e9 et la croissance de votre entreprise.","og_url":"https:\/\/slaeb.com\/en\/customer-management\/","og_site_name":"SLAEB","article_modified_time":"2024-08-27T06:22:01+00:00","og_image":[{"width":642,"height":616,"url":"https:\/\/slaeb.com\/wp-content\/uploads\/2024\/08\/C6EA3744-5408-4B6D-AD8D-9088691D577A-1-e1724739155448.png","type":"image\/png"}],"twitter_card":"summary_large_image","twitter_misc":{"Est. reading time":"1 minute"},"schema":{"@context":"https:\/\/schema.org","@graph":[{"@type":"WebPage","@id":"https:\/\/slaeb.com\/en\/customer-management\/","url":"https:\/\/slaeb.com\/en\/customer-management\/","name":"Customer Relationship Management - SLAEB","isPartOf":{"@id":"https:\/\/slaeb.com\/#website"},"datePublished":"2023-07-20T18:12:50+00:00","dateModified":"2024-08-27T06:22:01+00:00","description":"Simplify your customer interactions with our intuitive CRM. Manage your contacts and sales efficiently, boosting loyalty and business growth.","breadcrumb":{"@id":"https:\/\/slaeb.com\/en\/customer-management\/#breadcrumb"},"inLanguage":"en-US","potentialAction":[{"@type":"ReadAction","target":["https:\/\/slaeb.com\/en\/customer-management\/"]}]},{"@type":"BreadcrumbList","@id":"https:\/\/slaeb.com\/en\/customer-management\/#breadcrumb","itemListElement":[{"@type":"ListItem","position":1,"name":"Accueil","item":"https:\/\/slaeb.com\/"},{"@type":"ListItem","position":2,"name":"Gestion Relation\u00a0Client\u200b"}]},{"@type":"WebSite","@id":"https:\/\/slaeb.com\/#website","url":"https:\/\/slaeb.com\/","name":"SLAEB","description":"Helping managers build sustainable performance on a daily basis","publisher":{"@id":"https:\/\/slaeb.com\/#organization"},"potentialAction":[{"@type":"SearchAction","target":{"@type":"EntryPoint","urlTemplate":"https:\/\/slaeb.com\/?s={search_term_string}"},"query-input":{"@type":"PropertyValueSpecification","valueRequired":true,"valueName":"search_term_string"}}],"inLanguage":"en-US"},{"@type":"Organization","@id":"https:\/\/slaeb.com\/#organization","name":"SLAEB","url":"https:\/\/slaeb.com\/","logo":{"@type":"ImageObject","inLanguage":"en-US","@id":"https:\/\/slaeb.com\/#\/schema\/logo\/image\/","url":"https:\/\/slaeb.com\/wp-content\/uploads\/2024\/08\/C6EA3744-5408-4B6D-AD8D-9088691D577A-1-e1724739155448.png","contentUrl":"https:\/\/slaeb.com\/wp-content\/uploads\/2024\/08\/C6EA3744-5408-4B6D-AD8D-9088691D577A-1-e1724739155448.png","width":642,"height":616,"caption":"SLAEB"},"image":{"@id":"https:\/\/slaeb.com\/#\/schema\/logo\/image\/"}}]}},"_links":{"self":[{"href":"https:\/\/slaeb.com\/en\/wp-json\/wp\/v2\/pages\/7906","targetHints":{"allow":["GET"]}}],"collection":[{"href":"https:\/\/slaeb.com\/en\/wp-json\/wp\/v2\/pages"}],"about":[{"href":"https:\/\/slaeb.com\/en\/wp-json\/wp\/v2\/types\/page"}],"author":[{"embeddable":true,"href":"https:\/\/slaeb.com\/en\/wp-json\/wp\/v2\/users\/2"}],"replies":[{"embeddable":true,"href":"https:\/\/slaeb.com\/en\/wp-json\/wp\/v2\/comments?post=7906"}],"version-history":[{"count":35,"href":"https:\/\/slaeb.com\/en\/wp-json\/wp\/v2\/pages\/7906\/revisions"}],"predecessor-version":[{"id":9885,"href":"https:\/\/slaeb.com\/en\/wp-json\/wp\/v2\/pages\/7906\/revisions\/9885"}],"wp:attachment":[{"href":"https:\/\/slaeb.com\/en\/wp-json\/wp\/v2\/media?parent=7906"}],"curies":[{"name":"wp","href":"https:\/\/api.w.org\/{rel}","templated":true}]}}